{"id":938,"date":"2023-07-23T14:56:21","date_gmt":"2023-07-23T14:56:21","guid":{"rendered":"http:\/\/www.saruhanmakina.com.tr\/?post_type=product&#038;p=938"},"modified":"2026-04-20T08:40:16","modified_gmt":"2026-04-20T08:40:16","slug":"elektrikli-manuel-kapak-kapatma-makinasi","status":"publish","type":"product","link":"https:\/\/www.saruhanmakina.com.tr\/en\/product\/elektrikli-manuel-kapak-kapatma-makinasi\/","title":{"rendered":"Elektrikli Manuel Kapak Kapatma Makinas\u0131"},"content":{"rendered":"<p><strong>A\u00e7\u0131klama:<\/strong><\/p>\n<div class=\"tab-cnt-description\">\n<div class=\"tab-cnt\">Malzeme: Plastik + Metal<br \/>\nRenk: K\u0131rm\u0131z\u0131\/Mavi veya Farkli bir renk olabilir.<br \/>\nG\u00fc\u00e7: 80W<br \/>\nVoltaj: AC 220V, 50 \/ 60HZ<br \/>\n\u00c7al\u0131\u015fma Modu: Elektrikli Kapak<br \/>\nKapatma \u00c7ap\u0131: 10-40mm<br \/>\nBurulma: 5-25kgf.cm<br \/>\n\u015ei\u015fe Y\u00fcksekli\u011fi: S\u0131n\u0131rs\u0131z<br \/>\nKapak H\u0131z\u0131:\u00a030-90\u00a0\u015fi\u015fe \/ dakika (yeterlili\u011finize g\u00f6re)<br \/>\nUzunluk: 230mm \/ 9.06 &#8221; (yakla\u015f\u0131k)<br \/>\nKablo Uzunlu\u011fu: 178cm \/ 70.08 &#8221; (yakla\u015f\u0131k)<strong>Features:<\/strong><br \/>\n-Ta\u015f\u0131ma kolayl\u0131\u011f\u0131, kapa\u011f\u0131 s\u0131kmak veya gev\u015fetmek i\u00e7in rahatl\u0131kla kullan\u0131labilir.<br \/>\n-\u00c7o\u011funlukla vidal\u0131 kapak \u00e7e\u015fitlerinin s\u00f6k\u00fclmesi ve s\u0131k\u0131lmas\u0131nda kullan\u0131l\u0131r.<br \/>\n-\u00c7e\u015fitli y\u00fcksek mukavemetli \u015fi\u015fe kapatma i\u015fleri i\u00e7in, kapak \u00e7ap\u0131 10 ila 40 mm aras\u0131nda de\u011fi\u015fir, 30-90 \u015fi\u015fe \/ dak tek \u00fcretim kapasitesi.<br \/>\n-Ayarlanabilir kavrama (ayar), kapak hasar\u0131n\u0131 etkili bir \u015fekilde \u00f6nleyebilir ve kapak s\u0131k\u0131ld\u0131ktan sonra i\u00e7 a\u015f\u0131nmay\u0131 azaltabilir, kart kafas\u0131 bir sonraki \u015fi\u015feye ge\u00e7ebilece\u011finiz \u015fekilde d\u00f6nmeyi durdurabilir.<strong>\u00c7al\u0131\u015ft\u0131rma:<\/strong><br \/>\nKapaklar\u0131n\u0131za uygun bir lastik se\u00e7in ve onu uygun kapak ba\u015fl\u0131\u011f\u0131na yerle\u015ftirin, kapak ba\u015fl\u0131\u011f\u0131 ve lastik soket kapat\u0131larak gruplan\u0131r, gev\u015fetebilir ve \u00e7\u0131karabilir ve kau\u00e7u\u011fu kapak ba\u015fl\u0131\u011f\u0131na monte edebilir ve kurtarabilirsiniz.<strong>Talimat:<\/strong><br \/>\nBa\u011flant\u0131 milini monte edin, kafay\u0131 a\u015fa\u011f\u0131 do\u011fru bast\u0131r\u0131n, bu arada mili yerle\u015ftirin, ard\u0131ndan gev\u015fetin, mil kilitlenecektir.<br \/>\nKapatma kafas\u0131n\u0131 monte edin, \u015faft\u0131 kapak ba\u015fl\u0131\u011f\u0131n\u0131n deli\u011fine yerle\u015ftirin, kilitleme vidas\u0131n\u0131 vidalay\u0131n.<br \/>\nVidalama y\u00f6n\u00fcn\u00fc de\u011fi\u015ftirirken, y\u00f6nleri geri d\u00f6nd\u00fcrmek i\u00e7in d\u00fc\u011fmeyi kayd\u0131r\u0131n.<strong>Paket i\u00e7eri\u011fi:<\/strong><br \/>\n1X \u015ei\u015fe Kapatma Makinesi<br \/>\n1X10-30mm Kapak S\u0131kma Aparat\u0131<br \/>\n1X Yay Dengeleyici<br \/>\n1X M5 Alyan Anahtar\u0131<br \/>\n1X AB Tak Adapt\u00f6r\u00fc<\/div>\n<div>RENK FARKLILIGI GOSTEREBILIR<\/div>\n<\/div>","protected":false},"excerpt":{"rendered":"<p>-Ta\u015f\u0131ma kolayl\u0131\u011f\u0131, kapa\u011f\u0131 s\u0131kmak veya gev\u015fetmek i\u00e7in rahatl\u0131kla kullan\u0131labilir.<br \/>\n-\u00c7o\u011funlukla vidal\u0131 kapak \u00e7e\u015fitlerinin s\u00f6k\u00fclmesi ve s\u0131k\u0131lmas\u0131nda kullan\u0131l\u0131r.<br \/>\n-\u00c7e\u015fitli y\u00fcksek mukavemetli \u015fi\u015fe kapatma i\u015fleri i\u00e7in, kapak \u00e7ap\u0131 10 ila 30 mm aras\u0131nda de\u011fi\u015fir, 30-90 \u015fi\u015fe \/ dak tek \u00fcretim kapasitesi.<br \/>\n-Ayarlanabilir kavrama (ayar), kapak hasar\u0131n\u0131 etkili bir \u015fekilde \u00f6nleyebilir ve kapak s\u0131k\u0131ld\u0131ktan sonra i\u00e7 a\u015f\u0131nmay\u0131 azaltabilir, kart kafas\u0131 bir sonraki \u015fi\u015feye ge\u00e7ebilece\u011finiz \u015fekilde d\u00f6nmeyi durdurabilir.<\/p>","protected":false},"featured_media":939,"comment_status":"open","ping_status":"closed","template":"","meta":{"googlesitekit_rrm_CAowpqy7DA:productID":"","_kadence_starter_templates_imported_post":false,"_kad_post_transparent":"default","_kad_post_title":"","_kad_post_layout":"default","_kad_post_sidebar_id":"","_kad_post_content_style":"default","_kad_post_vertical_padding":"default","_kad_post_feature":"","_kad_post_feature_position":"","_kad_post_header":false,"_kad_post_footer":false,"_kad_post_classname":""},"product_brand":[],"product_cat":[37,19],"product_tag":[171,172,174,173,175,170,169],"class_list":{"0":"post-938","1":"product","2":"type-product","3":"status-publish","4":"has-post-thumbnail","6":"product_cat-kapak-sikma","7":"product_cat-tum-urunler","8":"product_tag-elektrikli-kapak-sikma","9":"product_tag-makinasi","10":"product_tag-manuel","11":"product_tag-muhurleme-makinasi","12":"product_tag-otomatik","13":"product_tag-tekli-kapak-sikma","14":"product_tag-vidali","15":"product_shipping_class-kargo","17":"first","18":"instock","19":"featured","20":"shipping-taxable","21":"purchasable","22":"product-type-simple","23":"entry","24":"content-bg","25":"loop-entry"},"_links":{"self":[{"href":"https:\/\/www.saruhanmakina.com.tr\/en\/wp-json\/wp\/v2\/product\/938","targetHints":{"allow":["GET"]}}],"collection":[{"href":"https:\/\/www.saruhanmakina.com.tr\/en\/wp-json\/wp\/v2\/product"}],"about":[{"href":"https:\/\/www.saruhanmakina.com.tr\/en\/wp-json\/wp\/v2\/types\/product"}],"replies":[{"embeddable":true,"href":"https:\/\/www.saruhanmakina.com.tr\/en\/wp-json\/wp\/v2\/comments?post=938"}],"version-history":[{"count":7,"href":"https:\/\/www.saruhanmakina.com.tr\/en\/wp-json\/wp\/v2\/product\/938\/revisions"}],"predecessor-version":[{"id":3968,"href":"https:\/\/www.saruhanmakina.com.tr\/en\/wp-json\/wp\/v2\/product\/938\/revisions\/3968"}],"wp:featuredmedia":[{"embeddable":true,"href":"https:\/\/www.saruhanmakina.com.tr\/en\/wp-json\/wp\/v2\/media\/939"}],"wp:attachment":[{"href":"https:\/\/www.saruhanmakina.com.tr\/en\/wp-json\/wp\/v2\/media?parent=938"}],"wp:term":[{"taxonomy":"product_brand","embeddable":true,"href":"https:\/\/www.saruhanmakina.com.tr\/en\/wp-json\/wp\/v2\/product_brand?post=938"},{"taxonomy":"product_cat","embeddable":true,"href":"https:\/\/www.saruhanmakina.com.tr\/en\/wp-json\/wp\/v2\/product_cat?post=938"},{"taxonomy":"product_tag","embeddable":true,"href":"https:\/\/www.saruhanmakina.com.tr\/en\/wp-json\/wp\/v2\/product_tag?post=938"}],"curies":[{"name":"wp","href":"https:\/\/api.w.org\/{rel}","templated":true}]}}