{"id":2968,"date":"2024-08-27T14:16:56","date_gmt":"2024-08-27T14:16:56","guid":{"rendered":"https:\/\/www.saruhanmakina.com.tr\/?post_type=product&#038;p=2968"},"modified":"2026-02-17T09:08:45","modified_gmt":"2026-02-17T09:08:45","slug":"paslanmaz-celik-santrafuj-transfer-pompasi-5000-lt-h","status":"publish","type":"product","link":"https:\/\/www.saruhanmakina.com.tr\/en\/product\/paslanmaz-celik-santrafuj-transfer-pompasi-5000-lt-h\/","title":{"rendered":"Stainless Steel Centrifugal Transfer Pump 5000 L\/h"},"content":{"rendered":"<p>Paslanmaz \u00c7elik Santraf\u00fcj Transfer Pompas\u0131 5000 lt\/h,<\/p>\n<p data-sourcepos=\"3:1-3:8\"><strong>\u201cStrong and Durable, Stainless Quality!\u201d<\/strong><\/p>\n<p data-sourcepos=\"5:1-5:58\"><strong>5 Ton Bas\u0131n\u00e7 G\u00fcc\u00fcyle Sulama Sistemlerinizde Devrim Yarat\u0131n!<\/strong><\/p>\n<p data-sourcepos=\"7:1-7:91\">Paslanmaz \u00e7elik g\u00f6vdesi sayesinde uzun \u00f6m\u00fcrl\u00fc kullan\u0131m sunan bu santrif\u00fcj pompa, 5 ton\/saat debi ile aktarma ihtiya\u00e7lar\u0131n\u0131z\u0131 en \u00fcst d\u00fczeyde kar\u015f\u0131lar. G\u0131da Tesislerinde , Kozmetik , \u0130la\u00e7 , Kimya ve Bir \u00e7ok Sekt\u00f6rde Kullan\u0131lmaktad\u0131r.<\/p>\n<p data-sourcepos=\"9:1-9:34\"><strong>Why Choose This Pump?<\/strong><\/p>\n<ul data-sourcepos=\"11:1-16:0\">\n<li data-sourcepos=\"11:1-11:77\"><strong>Stainless Steel Body:<\/strong> Corrosion resistant, long-lasting use.<\/li>\n<li data-sourcepos=\"12:1-12:66\"><strong>High Pressure:<\/strong> 5 ton\/saat debi ile g\u00fc\u00e7l\u00fc sulama performans\u0131.<\/li>\n<li data-sourcepos=\"13:1-13:57\"><strong>Quiet Operation:<\/strong> It works without disturbing your surroundings.<\/li>\n<li data-sourcepos=\"14:1-14:42\"><strong>Easy Installation:<\/strong> Practical assembly possibility.<\/li>\n<li data-sourcepos=\"15:1-16:0\"><strong>Energy Efficiency:<\/strong> Economical use with low energy consumption.<\/li>\n<\/ul>\n<p data-sourcepos=\"17:1-17:22\"><strong>Technical Specifications<\/strong><\/p>\n<ul data-sourcepos=\"19:1-19:18\">\n<li data-sourcepos=\"19:1-19:18\"><strong>Material:<\/strong> Stainless steel<\/li>\n<li data-sourcepos=\"20:1-20:22\"><strong>Flow:<\/strong> 5 ton\/saat<\/li>\n<li data-sourcepos=\"21:1-21:25\"><strong>Pressure:<\/strong> &#8230; (bar\/m)<\/li>\n<li data-sourcepos=\"22:1-22:26\"><strong>Engine Power:<\/strong> 1.1 (kW)<\/li>\n<li data-sourcepos=\"23:1-23:33\"><strong>Working Temperature:<\/strong> -10 \/ +40 (\u00b0C)<\/li>\n<li data-sourcepos=\"24:1-24:35\"><strong>Connection Dimensions:<\/strong> 1\u2033 (in\u00e7)<\/li>\n<li data-sourcepos=\"25:1-26:0\"><strong>Warranty<\/strong> 12Ay \/ 1 Y\u0131l<\/li>\n<\/ul>\n<p data-sourcepos=\"27:1-27:22\"><strong>Application Areas:<\/strong><\/p>\n<ul data-sourcepos=\"29:1-33:0\">\n<li data-sourcepos=\"29:1-29:14\">Garden irrigation<\/li>\n<li data-sourcepos=\"30:1-30:14\">Agriculture irrigation<\/li>\n<li data-sourcepos=\"31:1-31:13\">Greenhouse irrigation<\/li>\n<li data-sourcepos=\"32:1-33:0\">Industrial applications<\/li>\n<\/ul>\n<p data-sourcepos=\"34:1-34:67\"><strong>Notes:<\/strong> You can contact us to get more detailed information about the product.<\/p>\n<ul data-sourcepos=\"53:1-53:5\">\n<li data-sourcepos=\"53:1-53:5\"><strong>&#8220;Uzun y\u0131llar sorunsuz kullan\u0131m i\u00e7in tasarland\u0131.&#8221;<\/strong><\/li>\n<li data-sourcepos=\"54:1-54:57\"><strong>&#8220;Her t\u00fcrl\u00fc zemin ko\u015fulunda g\u00fcvenle kullan\u0131labilir.&#8221;<\/strong><\/li>\n<li data-sourcepos=\"55:1-56:0\"><strong>&#8220;D\u00fc\u015f\u00fck bak\u0131m maliyeti ile ekonomik \u00e7\u00f6z\u00fcm.&#8221;<\/strong><\/li>\n<\/ul>","protected":false},"excerpt":{"rendered":"<p>Paslanmaz \u00c7elik Santraf\u00fcj Transfer Pompas\u0131 5000 lt\/h, &#8220;G\u00fc\u00e7l\u00fc ve Dayan\u0131kl\u0131, Paslanmaz Kalite!&#8221; 5 Ton Bas\u0131n\u00e7 G\u00fcc\u00fcyle Sulama Sistemlerinizde Devrim Yarat\u0131n! Paslanmaz \u00e7elik g\u00f6vdesi sayesinde uzun \u00f6m\u00fcrl\u00fc kullan\u0131m sunan bu santrif\u00fcj pompa, 5 ton\/saat debi ile aktarma ihtiya\u00e7lar\u0131n\u0131z\u0131 en \u00fcst d\u00fczeyde kar\u015f\u0131lar. G\u0131da Tesislerinde , Kozmetik , \u0130la\u00e7 , Kimya ve Bir \u00e7ok Sekt\u00f6rde Kullan\u0131lmaktad\u0131r. Neden&#8230;<\/p>","protected":false},"featured_media":2970,"comment_status":"open","ping_status":"closed","template":"","meta":{"googlesitekit_rrm_CAowpqy7DA:productID":"","_kadence_starter_templates_imported_post":false,"_kad_post_transparent":"default","_kad_post_title":"","_kad_post_layout":"default","_kad_post_sidebar_id":"","_kad_post_content_style":"default","_kad_post_vertical_padding":"default","_kad_post_feature":"","_kad_post_feature_position":"","_kad_post_header":false,"_kad_post_footer":false,"_kad_post_classname":""},"product_brand":[732],"product_cat":[604,685,19,40],"product_tag":[754,763,755,760,750,766,757,758,759,751,768,753,752,761,927,930,928,932,931,929],"class_list":{"0":"post-2968","1":"product","2":"type-product","3":"status-publish","4":"has-post-thumbnail","6":"product_brand-kmlk","7":"product_cat-gida","8":"product_cat-transfer-pompalari","9":"product_cat-tum-urunler","10":"product_cat-yedek-parca","11":"product_tag-endustriyelpompa","12":"product_tag-gidasanayipompasi","13":"product_tag-gidauyumlupompa","14":"product_tag-kimyasaltransferpompasi","15":"product_tag-paslanmazcelikpompa","16":"product_tag-paslanmazpompa","17":"product_tag-paslanmazsantrifujpompa","18":"product_tag-pompasistemleri","19":"product_tag-sanayitipipompa","20":"product_tag-santrifujpompa","21":"product_tag-siviaktarimpompasi","22":"product_tag-sivitransferpompasi","23":"product_tag-transferpompasi","24":"product_tag-yuksekdebilipompa","25":"product_tag-5000ltsaatpompa","26":"product_tag-cipuyumlupompa","27":"product_tag-hijyeniktransferpompasi","28":"product_tag-kompakttransferpompasi","29":"product_tag-pompamakinesi","30":"product_tag-pompaunitesi","31":"product_shipping_class-kargo","33":"first","34":"instock","35":"featured","36":"taxable","37":"shipping-taxable","38":"purchasable","39":"product-type-simple","40":"entry","41":"content-bg","42":"loop-entry"},"_links":{"self":[{"href":"https:\/\/www.saruhanmakina.com.tr\/en\/wp-json\/wp\/v2\/product\/2968","targetHints":{"allow":["GET"]}}],"collection":[{"href":"https:\/\/www.saruhanmakina.com.tr\/en\/wp-json\/wp\/v2\/product"}],"about":[{"href":"https:\/\/www.saruhanmakina.com.tr\/en\/wp-json\/wp\/v2\/types\/product"}],"replies":[{"embeddable":true,"href":"https:\/\/www.saruhanmakina.com.tr\/en\/wp-json\/wp\/v2\/comments?post=2968"}],"version-history":[{"count":1,"href":"https:\/\/www.saruhanmakina.com.tr\/en\/wp-json\/wp\/v2\/product\/2968\/revisions"}],"predecessor-version":[{"id":3891,"href":"https:\/\/www.saruhanmakina.com.tr\/en\/wp-json\/wp\/v2\/product\/2968\/revisions\/3891"}],"wp:featuredmedia":[{"embeddable":true,"href":"https:\/\/www.saruhanmakina.com.tr\/en\/wp-json\/wp\/v2\/media\/2970"}],"wp:attachment":[{"href":"https:\/\/www.saruhanmakina.com.tr\/en\/wp-json\/wp\/v2\/media?parent=2968"}],"wp:term":[{"taxonomy":"product_brand","embeddable":true,"href":"https:\/\/www.saruhanmakina.com.tr\/en\/wp-json\/wp\/v2\/product_brand?post=2968"},{"taxonomy":"product_cat","embeddable":true,"href":"https:\/\/www.saruhanmakina.com.tr\/en\/wp-json\/wp\/v2\/product_cat?post=2968"},{"taxonomy":"product_tag","embeddable":true,"href":"https:\/\/www.saruhanmakina.com.tr\/en\/wp-json\/wp\/v2\/product_tag?post=2968"}],"curies":[{"name":"wp","href":"https:\/\/api.w.org\/{rel}","templated":true}]}}