{"id":1721,"date":"2023-08-15T18:38:37","date_gmt":"2023-08-15T18:38:37","guid":{"rendered":"http:\/\/www.saruhanmakina.com.tr\/?post_type=product&#038;p=1721"},"modified":"2026-01-14T09:17:37","modified_gmt":"2026-01-14T09:17:37","slug":"kfl-001-minyatur-yatakli-rulman-delik-capi-12mm","status":"publish","type":"product","link":"https:\/\/www.saruhanmakina.com.tr\/en\/product\/kfl-001-minyatur-yatakli-rulman-delik-capi-12mm\/","title":{"rendered":"KFL 001 Miniature Flanged Bearing (Bore Diameter: 12mm)"},"content":{"rendered":"<p><strong>KFL001 Miniature Housing Bearing Bore Diameter 12mm;<\/strong><\/p>\n<p style=\"padding-left: 40px;\">It is a small-sized bearing component used in industrial applications. It is generally designed to ensure the accurate movement of machine parts or devices. The KFL001 model is especially preferred for applications requiring high precision and low friction. This miniature bearing can often serve as a part of motion systems used in various areas, from special machines to industrial robots. Thanks to its compact size and durability, it is suitable for use in places where space is limited or where precise positioning is required. KFL001 miniature bearing bearings are manufactured to provide high performance with perfectly designed bearing surfaces and bearing balls. This product is designed to provide reliable and smooth movement in small-scale mechanisms.<\/p>\n<p>It can be used by mounting with 2 screw holes. It is made of durable material.<\/p>\n<p>3D Printer ve CNC gibi uygulamalara uygundur. KFL001 d\u0131\u015f\u0131nda di\u011fer KFL serisi i\u00e7in tablodaki ilgili par\u00e7a no&#8217;ya t\u0131klayabilirsiniz.<\/p>\n<p>Package Content: 1 Piece<\/p>\n<table>\n<thead>\n<tr>\n<td colspan=\"13\">KFL000 SER\u0130S\u0130<\/td>\n<\/tr>\n<\/thead>\n<tbody>\n<tr>\n<td rowspan=\"2\">Par\u00e7a No<\/td>\n<td rowspan=\"2\">\n<div>\u015eaft<\/div>\n<div>(\u0130\u00e7 \u00c7ap)<\/div>\n<\/td>\n<td colspan=\"9\">\u00a0Boyutlar (mm)<\/td>\n<td rowspan=\"2\">M<\/td>\n<td rowspan=\"2\">A\u011f\u0131rl\u0131k (Kg)<\/td>\n<\/tr>\n<tr>\n<td>A<\/td>\n<td>R<\/td>\n<td>C<\/td>\n<td>K<\/td>\n<td>H<\/td>\n<td>G<\/td>\n<td>F<\/td>\n<td>E<\/td>\n<td>B<\/td>\n<\/tr>\n<tr>\n<td><a href=\"https:\/\/www.robolinkmarket.com\/kfl08-dokum-rulmanli-yatak-8mm\" target=\"_blank\" rel=\"noopener noreferrer\">KFL08<\/a><\/td>\n<td>8<\/td>\n<td>37<\/td>\n<td>4.8<\/td>\n<td>27<\/td>\n<td>26.5<\/td>\n<td>12<\/td>\n<td>16<\/td>\n<td>4<\/td>\n<td>4.5<\/td>\n<td>48<\/td>\n<td>M3x2<\/td>\n<td>0.027<\/td>\n<\/tr>\n<tr>\n<td><a href=\"https:\/\/www.robolinkmarket.com\/kfl000-dokum-rulmanli-yatak-10mm\" target=\"_blank\" rel=\"noopener noreferrer\">KFL000<\/a><\/td>\n<td>10<\/td>\n<td>45<\/td>\n<td>7<\/td>\n<td>36<\/td>\n<td>34<\/td>\n<td>14<\/td>\n<td>15.5<\/td>\n<td>6<\/td>\n<td>5.5<\/td>\n<td>60<\/td>\n<td>M4x2<\/td>\n<td>0.036<\/td>\n<\/tr>\n<tr>\n<td>KFL001<\/td>\n<td>12<\/td>\n<td>48<\/td>\n<td>7<\/td>\n<td>38<\/td>\n<td>35<\/td>\n<td>16<\/td>\n<td>16<\/td>\n<td>6<\/td>\n<td>5.5<\/td>\n<td>63<\/td>\n<td>M4x2<\/td>\n<td>0.060<\/td>\n<\/tr>\n<tr>\n<td><a href=\"https:\/\/www.robolinkmarket.com\/kfl-002-yatakli-rulman-delik-capi15mm\" target=\"_blank\" rel=\"noopener noreferrer\">KFL002<\/a><\/td>\n<td>15<\/td>\n<td>53<\/td>\n<td>7<\/td>\n<td>42<\/td>\n<td>39.5<\/td>\n<td>18.6<\/td>\n<td>18.6<\/td>\n<td>6.5<\/td>\n<td>6.5<\/td>\n<td>67<\/td>\n<td>M4x2<\/td>\n<td>0.054<\/td>\n<\/tr>\n<tr>\n<td><a href=\"https:\/\/www.robolinkmarket.com\/kfl-003-yatakli-rulman-delik-capi17mm\">KFL003<\/a><\/td>\n<td>17<\/td>\n<td>56<\/td>\n<td>7<\/td>\n<td>46<\/td>\n<td>44<\/td>\n<td>19.5<\/td>\n<td>19.5<\/td>\n<td>7<\/td>\n<td>7<\/td>\n<td>71<\/td>\n<td>M4x2<\/td>\n<td>0.073<\/td>\n<\/tr>\n<tr>\n<td><a href=\"https:\/\/www.robolinkmarket.com\/kfl-004-yatakli-rulman-delik-capi20mm\" target=\"_blank\" rel=\"noopener noreferrer\">KFL004<\/a><\/td>\n<td>20<\/td>\n<td>71<\/td>\n<td>10<\/td>\n<td>55<\/td>\n<td>53<\/td>\n<td>23<\/td>\n<td>23<\/td>\n<td>8<\/td>\n<td>8<\/td>\n<td>90<\/td>\n<td>M5X2<\/td>\n<td>0.123<\/td>\n<\/tr>\n<tr>\n<td><a href=\"https:\/\/www.robolinkmarket.com\/kfl-005-yatakli-rulman-delik-capi25mm\" target=\"_blank\" rel=\"noopener noreferrer\">KFL005<\/a><\/td>\n<td>25<\/td>\n<td>75<\/td>\n<td>10<\/td>\n<td>60<\/td>\n<td>58<\/td>\n<td>24.5<\/td>\n<td>24.5<\/td>\n<td>8<\/td>\n<td>8<\/td>\n<td>95<\/td>\n<td>M5x2<\/td>\n<td>0.148<\/td>\n<\/tr>\n<\/tbody>\n<\/table>\n<h3>Paket \u0130\u00e7eri\u011fi<\/h3>","protected":false},"excerpt":{"rendered":"<p><strong>KFL001 Miniature Housing Bearing Bore Diameter 12mm;<\/strong><\/p>\n<p>It is a small-sized bearing component used in industrial applications. It is generally designed to ensure the accurate movement of machine parts or devices. The KFL001 model is especially preferred for applications requiring high precision and low friction. This miniature bearing can often serve as a part of motion systems used in various areas, from special machines to industrial robots. Thanks to its compact size and durability, it is suitable for use in places where space is limited or where precise positioning is required. KFL001 miniature bearing bearings are manufactured to provide high performance with perfectly designed bearing surfaces and bearing balls. This product is designed to provide reliable and smooth movement in small-scale mechanisms.<\/p>\n<p>It can be used by mounting with 2 screw holes. It is made of durable material.<\/p>\n<p>3D Printer ve CNC gibi uygulamalara uygundur. KFL001 d\u0131\u015f\u0131nda di\u011fer KFL serisi i\u00e7in tablodaki ilgili par\u00e7a no&#8217;ya t\u0131klayabilirsiniz.<\/p>\n<p>Package Content: 1 Piece<\/p>","protected":false},"featured_media":1725,"comment_status":"open","ping_status":"closed","template":"","meta":{"googlesitekit_rrm_CAowpqy7DA:productID":"","_kadence_starter_templates_imported_post":false,"_kad_post_transparent":"default","_kad_post_title":"","_kad_post_layout":"left","_kad_post_sidebar_id":"","_kad_post_content_style":"default","_kad_post_vertical_padding":"default","_kad_post_feature":"","_kad_post_feature_position":"","_kad_post_header":false,"_kad_post_footer":false,"_kad_post_classname":""},"product_brand":[],"product_cat":[239,356,19,40],"product_tag":[363,362,366,364],"class_list":{"0":"post-1721","1":"product","2":"type-product","3":"status-publish","4":"has-post-thumbnail","6":"product_cat-mekanik","7":"product_cat-rulmanlar","8":"product_cat-tum-urunler","9":"product_cat-yedek-parca","10":"product_tag-kfl-minyatur-rulman","11":"product_tag-kfl001","12":"product_tag-minyatur-rulman","13":"product_tag-minyatur-yatakli-rulman","14":"product_shipping_class-kargo","16":"first","17":"instock","18":"shipping-taxable","19":"purchasable","20":"product-type-simple","21":"entry","22":"content-bg","23":"loop-entry"},"_links":{"self":[{"href":"https:\/\/www.saruhanmakina.com.tr\/en\/wp-json\/wp\/v2\/product\/1721","targetHints":{"allow":["GET"]}}],"collection":[{"href":"https:\/\/www.saruhanmakina.com.tr\/en\/wp-json\/wp\/v2\/product"}],"about":[{"href":"https:\/\/www.saruhanmakina.com.tr\/en\/wp-json\/wp\/v2\/types\/product"}],"replies":[{"embeddable":true,"href":"https:\/\/www.saruhanmakina.com.tr\/en\/wp-json\/wp\/v2\/comments?post=1721"}],"version-history":[{"count":2,"href":"https:\/\/www.saruhanmakina.com.tr\/en\/wp-json\/wp\/v2\/product\/1721\/revisions"}],"predecessor-version":[{"id":3491,"href":"https:\/\/www.saruhanmakina.com.tr\/en\/wp-json\/wp\/v2\/product\/1721\/revisions\/3491"}],"wp:featuredmedia":[{"embeddable":true,"href":"https:\/\/www.saruhanmakina.com.tr\/en\/wp-json\/wp\/v2\/media\/1725"}],"wp:attachment":[{"href":"https:\/\/www.saruhanmakina.com.tr\/en\/wp-json\/wp\/v2\/media?parent=1721"}],"wp:term":[{"taxonomy":"product_brand","embeddable":true,"href":"https:\/\/www.saruhanmakina.com.tr\/en\/wp-json\/wp\/v2\/product_brand?post=1721"},{"taxonomy":"product_cat","embeddable":true,"href":"https:\/\/www.saruhanmakina.com.tr\/en\/wp-json\/wp\/v2\/product_cat?post=1721"},{"taxonomy":"product_tag","embeddable":true,"href":"https:\/\/www.saruhanmakina.com.tr\/en\/wp-json\/wp\/v2\/product_tag?post=1721"}],"curies":[{"name":"wp","href":"https:\/\/api.w.org\/{rel}","templated":true}]}}