{"id":1085,"date":"2023-07-24T05:22:45","date_gmt":"2023-07-24T05:22:45","guid":{"rendered":"http:\/\/www.saruhanmakina.com.tr\/?page_id=1085"},"modified":"2024-12-28T12:47:56","modified_gmt":"2024-12-28T12:47:56","slug":"mesafeli-satis-sozlesmesi","status":"publish","type":"page","link":"https:\/\/www.saruhanmakina.com.tr\/en\/mesafeli-satis-sozlesmesi\/","title":{"rendered":"Distance Sales Contract"},"content":{"rendered":"<p><strong>Mesafeli Sat\u0131\u015f S\u00f6zle\u015fmesi<\/strong><\/p>\n<ol>\n<li>Taraflar Bu mesafeli sat\u0131\u015f s\u00f6zle\u015fmesi (&#8220;S\u00f6zle\u015fme&#8221;), bir tarafta &#8220;Sat\u0131c\u0131&#8221; olarak ad\u0131 ge\u00e7en Kimlik Makina San. ve Tic. ., adresi [Horozluhan OSB.Mah. Demirtepe Sok. No:14 Sel\u00e7uklu\/KONYA], telefon numaras\u0131 [0.332 2498571], e-posta adresi [satis@www.saruhanmakina.com.tr], ve di\u011fer tarafta &#8220;Al\u0131c\u0131&#8221; olarak ad\u0131 ge\u00e7en, <a href=\"http:\/\/www.saruhanmakina.com.tr\/\" target=\"_new\" rel=\"noopener\">www.saruhanmakina.com.tr<\/a> (&#8220;Web Sitesi&#8221;) \u00fczerinden elektronik ortamda sipari\u015f veren m\u00fc\u015fteri aras\u0131nda akdedilmi\u015ftir.<\/li>\n<li>Konu Bu S\u00f6zle\u015fme, Al\u0131c\u0131&#8217;n\u0131n Web Sitesi \u00fczerinden sipari\u015fini yapt\u0131\u011f\u0131 ve a\u015fa\u011f\u0131da belirtilen \u00fcr\u00fcnlerin sat\u0131\u015f\u0131 ile ilgili olarak taraflar\u0131n hak ve y\u00fck\u00fcml\u00fcl\u00fcklerini d\u00fczenler.<\/li>\n<li>\u00dcr\u00fcn Bilgileri Sat\u0131c\u0131 taraf\u0131ndan Web Sitesi&#8217;nde sunulan \u00fcr\u00fcnlerin a\u00e7\u0131klamalar\u0131, teknik \u00f6zellikleri, fiyatlar\u0131 ve di\u011fer bilgiler Web Sitesi&#8217;nde yer al\u0131r. Al\u0131c\u0131, sipari\u015f vermeden \u00f6nce \u00fcr\u00fcnler hakk\u0131nda gerekli bilgileri okuyup incelemelidir.<\/li>\n<li><strong>Sipari\u015f ve Teslimat<\/strong><\/li>\n<\/ol>\n<p style=\"padding-left: 40px;\">4.1. Al\u0131c\u0131, Web Sitesi&#8217;nde yer alan \u00fcr\u00fcnlerden se\u00e7ti\u011fi \u00fcr\u00fcnleri sepete ekleyerek ve gerekli bilgileri doldurarak sipari\u015fini tamamlar. Sipari\u015fin onaylanmas\u0131yla birlikte taraflar aras\u0131nda sat\u0131\u015f s\u00f6zle\u015fmesi kurulmu\u015f olur.<\/p>\n<p style=\"padding-left: 40px;\">4.2. Sat\u0131c\u0131, sipari\u015fi ve \u00f6demesini do\u011frulad\u0131ktan sonra, \u00fcr\u00fcn\u00fc belirtilen teslimat adresine ula\u015ft\u0131rmak i\u00e7in gerekli d\u00fczenlemeleri yapar.<\/p>\n<p style=\"padding-left: 40px;\">4.3. Teslimat s\u00fcresi, \u00fcr\u00fcn\u00fcn stok durumuna, teslimat adresine ve kargo \u015firketinin performans\u0131na ba\u011fl\u0131 olarak de\u011fi\u015febilir. Sat\u0131c\u0131, teslimat s\u00fcresi konusunda Al\u0131c\u0131&#8217;y\u0131 bilgilendirmekle y\u00fck\u00fcml\u00fcd\u00fcr.<\/p>\n<p style=\"padding-left: 40px;\">4.4. \u00dcr\u00fcn, Al\u0131c\u0131 taraf\u0131ndan teslim al\u0131nd\u0131\u011f\u0131nda, paket ve \u00fcr\u00fcnlerin hasars\u0131z oldu\u011fu kontrol edilmeli ve herhangi bir hasar veya eksiklik durumunda kargo g\u00f6revlisine tutanak tutturulmal\u0131d\u0131r.<\/p>\n<p style=\"padding-left: 40px;\"><strong>5.Fiyat ve \u00d6deme<\/strong><\/p>\n<p style=\"padding-left: 40px;\">5.1. \u00dcr\u00fcnlerin fiyatlar\u0131 Web Sitesi&#8217;nde belirtilen fiyatlar \u00fczerinden belirlenir. Fiyatlar, KDV ve kargo \u00fccreti dahil de\u011fildir.<\/p>\n<p style=\"padding-left: 40px;\">5.2. Al\u0131c\u0131, sipari\u015f s\u0131ras\u0131nda tercih etti\u011fi \u00f6deme y\u00f6ntemine (Havale\/EFT) , g\u00f6re \u00f6demeyi ger\u00e7ekle\u015ftirmelidir. Sat\u0131c\u0131, \u00f6deme al\u0131nd\u0131ktan sonra sipari\u015fin ilerlemesine ba\u015flar.<\/p>\n<p style=\"padding-left: 40px;\">5.3.Al\u0131c\u0131, sipari\u015f s\u0131ras\u0131nda tercih etti\u011fi \u00f6deme y\u00f6ntemi olarak iyzico ile \u00f6deme yapmay\u0131 se\u00e7erse. \u0130yzico, g\u00fcvenli ve h\u0131zl\u0131 bir \u00f6deme y\u00f6ntemi sunarak Al\u0131c\u0131&#8217;n\u0131n kredi kart\u0131 veya di\u011fer \u00f6deme bilgilerini korur.Tahsilat i\u015flemleri, iyzico taraf\u0131ndan ger\u00e7ekle\u015ftirilecektir. \u00d6deme onayland\u0131ktan sonra, sat\u0131n al\u0131nan \u00fcr\u00fcnlerin bedeli tahsil edilecektir. Tahsilat i\u015flemleri hakk\u0131nda detayl\u0131 bilgiler, iyzico&#8217;nun g\u00fcvenli \u00f6deme platformunda yer alacakt\u0131r.<\/p>\n<p style=\"padding-left: 40px;\">5.4. Sat\u0131c\u0131, \u00f6deme s\u0131ras\u0131nda herhangi bir sorun olmas\u0131 durumunda Al\u0131c\u0131&#8217;y\u0131 bilgilendirme hakk\u0131na sahiptir ve gerekli d\u00fczeltmeler i\u00e7in Al\u0131c\u0131 ile ileti\u015fime ge\u00e7er.<\/p>\n<p style=\"padding-left: 40px;\"><strong>6.Cayma Hakk\u0131 ve \u0130ade \u015eartlar\u0131<\/strong><\/p>\n<p style=\"padding-left: 40px;\">6.1. Al\u0131c\u0131, sat\u0131n ald\u0131\u011f\u0131 \u00fcr\u00fcnden 14 g\u00fcn i\u00e7inde herhangi bir gerek\u00e7e g\u00f6stermeksizin cayma hakk\u0131n\u0131 kullanabilir. Cayma hakk\u0131n\u0131n kullan\u0131m\u0131na ili\u015fkin detayl\u0131 bilgiler Web Sitesi&#8217;nde yer almaktad\u0131r.<\/p>\n<p style=\"padding-left: 40px;\">6.2. \u0130ade edilecek \u00fcr\u00fcn, orijinal ambalaj\u0131 ile birlikte eksiksiz ve hasars\u0131z bir \u015fekilde Sat\u0131c\u0131&#8217;ya iade edilmelidir.<\/p>\n<p style=\"padding-left: 40px;\">6.3. \u0130ade edilen \u00fcr\u00fcn\u00fcn bedeli, Al\u0131c\u0131&#8217;n\u0131n \u00f6dedi\u011fi \u015fekilde iade edilecektir. Ancak, iade i\u015flemi i\u00e7in gerekli kontrol ve de\u011ferlendirme yap\u0131ld\u0131ktan sonra ger\u00e7ekle\u015ftirilecektir.<\/p>\n<p style=\"padding-left: 40px;\"><strong>7.Gizlilik Politikas\u0131<\/strong><\/p>\n<p style=\"padding-left: 40px;\">Sat\u0131c\u0131, Al\u0131c\u0131&#8217;n\u0131n ki\u015fisel bilgilerini gizli tutmay\u0131 taahh\u00fct eder. Al\u0131c\u0131&#8217;n\u0131n ki\u015fisel bilgileri, y\u00fcr\u00fcrl\u00fckteki veri koruma yasalar\u0131na uygun olarak korunur ve kullan\u0131l\u0131r.<\/p>\n<p style=\"padding-left: 40px;\"><strong>8.Uyu\u015fmazl\u0131k ve Yetki<\/strong> Bu S\u00f6zle\u015fme&#8217;nin uygulanmas\u0131ndan kaynaklanacak herhangi bir uyu\u015fmazl\u0131kta Konya Mahkemeleri ve \u0130cra Daireleri yetkilidir.<\/p>\n<p>Al\u0131c\u0131, bu S\u00f6zle\u015fme&#8217;nin tamam\u0131n\u0131 okudu\u011funu, anlad\u0131\u011f\u0131n\u0131 ve kabul etti\u011fini beyan eder.<\/p>\n<p>Bu S\u00f6zle\u015fme, taraflar\u0131n mutabakat\u0131 ile elektronik ortamda akdedilmi\u015ftir.<\/p>\n","protected":false},"excerpt":{"rendered":"<p>Mesafeli Sat\u0131\u015f S\u00f6zle\u015fmesi Taraflar Bu mesafeli sat\u0131\u015f s\u00f6zle\u015fmesi (&#8220;S\u00f6zle\u015fme&#8221;), bir tarafta &#8220;Sat\u0131c\u0131&#8221; olarak ad\u0131 ge\u00e7en Kimlik Makina San. ve Tic. ., adresi [Horozluhan OSB.Mah. Demirtepe Sok. No:14 Sel\u00e7uklu\/KONYA], telefon numaras\u0131 [0.332 2498571], e-posta adresi [satis@www.saruhanmakina.com.tr], ve di\u011fer tarafta &#8220;Al\u0131c\u0131&#8221; olarak ad\u0131 ge\u00e7en, www.saruhanmakina.com.tr (&#8220;Web Sitesi&#8221;) \u00fczerinden elektronik ortamda sipari\u015f veren m\u00fc\u015fteri aras\u0131nda akdedilmi\u015ftir. Konu Bu&#8230;<\/p>\n","protected":false},"author":1,"featured_media":0,"parent":0,"menu_order":0,"comment_status":"closed","ping_status":"closed","template":"","meta":{"googlesitekit_rrm_CAowpqy7DA:productID":"","_kadence_starter_templates_imported_post":false,"_kad_post_transparent":"default","_kad_post_title":"default","_kad_post_layout":"default","_kad_post_sidebar_id":"","_kad_post_content_style":"default","_kad_post_vertical_padding":"default","_kad_post_feature":"","_kad_post_feature_position":"","_kad_post_header":false,"_kad_post_footer":false,"_kad_post_classname":"","footnotes":""},"class_list":["post-1085","page","type-page","status-publish","hentry"],"_links":{"self":[{"href":"https:\/\/www.saruhanmakina.com.tr\/en\/wp-json\/wp\/v2\/pages\/1085","targetHints":{"allow":["GET"]}}],"collection":[{"href":"https:\/\/www.saruhanmakina.com.tr\/en\/wp-json\/wp\/v2\/pages"}],"about":[{"href":"https:\/\/www.saruhanmakina.com.tr\/en\/wp-json\/wp\/v2\/types\/page"}],"author":[{"embeddable":true,"href":"https:\/\/www.saruhanmakina.com.tr\/en\/wp-json\/wp\/v2\/users\/1"}],"replies":[{"embeddable":true,"href":"https:\/\/www.saruhanmakina.com.tr\/en\/wp-json\/wp\/v2\/comments?post=1085"}],"version-history":[{"count":0,"href":"https:\/\/www.saruhanmakina.com.tr\/en\/wp-json\/wp\/v2\/pages\/1085\/revisions"}],"wp:attachment":[{"href":"https:\/\/www.saruhanmakina.com.tr\/en\/wp-json\/wp\/v2\/media?parent=1085"}],"curies":[{"name":"wp","href":"https:\/\/api.w.org\/{rel}","templated":true}]}}